{"id":29,"date":"2024-08-12T02:26:53","date_gmt":"2024-08-12T02:26:53","guid":{"rendered":"https:\/\/dev8.hoangvi.com\/?page_id=29"},"modified":"2024-08-15T02:58:01","modified_gmt":"2024-08-15T02:58:01","slug":"giai-phap-email-doanh-nghiep-toan-dien-tu-cloudit","status":"publish","type":"page","link":"https:\/\/mailplus.vn\/?page_id=29","title":{"rendered":"Li\u00ean h\u1ec7"},"content":{"rendered":"\n<div class=\"wp-block-group alignfull has-global-padding is-layout-constrained wp-block-group-is-layout-constrained\">\n<div style=\"height:50px\" aria-hidden=\"true\" class=\"wp-block-spacer\"><\/div>\n\n\n\n<div class=\"wp-block-columns alignwide are-vertically-aligned-center is-layout-flex wp-container-core-columns-is-layout-f619a8c7 wp-block-columns-is-layout-flex\">\n<div class=\"wp-block-column is-vertically-aligned-center has-global-padding is-content-justification-left is-layout-constrained wp-container-core-column-is-layout-8759f1a0 wp-block-column-is-layout-constrained\" style=\"flex-basis:50%\">\n<h1 class=\"wp-block-heading\" style=\"font-style:normal;font-weight:700;line-height:1.1\">K\u1ebft n\u1ed1i v\u1edbi <mark style=\"background-color:rgba(0, 0, 0, 0)\" class=\"has-inline-color has-primary-color\">Chuy\u00ean gia Email<\/mark> t\u1ea1i CloudIT<\/h1>\n\n\n\n<p class=\"has-secondary-color has-text-color has-link-color wp-elements-7b0d76d212c48216c4184b92d2f04efb\">N\u00e2ng cao hi\u1ec7u su\u1ea5t l\u00e0m vi\u1ec7c, b\u1ea3o v\u1ec7 d\u1eef li\u1ec7u quan tr\u1ecdng v\u00e0 x\u00e2y d\u1ef1ng th\u01b0\u01a1ng hi\u1ec7u chuy\u00ean nghi\u1ec7p v\u1edbi d\u1ecbch v\u1ee5 Email Doanh nghi\u1ec7p t\u1ea1i CloudIT.<\/p>\n\n\n\n<div class=\"wp-block-buttons is-layout-flex wp-block-buttons-is-layout-flex\">\n<div class=\"wp-block-button\"><a class=\"wp-block-button__link wp-element-button\" href=\"https:\/\/zalo.me\/0906738220\" style=\"padding-right:var(--wp--preset--spacing--large);padding-left:var(--wp--preset--spacing--large)\">Nh\u1eadn t\u01b0 v\u1ea5n mi\u1ec5n ph\u00ed<\/a><\/div>\n<\/div>\n<\/div>\n\n\n\n<div class=\"wp-block-column is-vertically-aligned-center is-layout-flow wp-block-column-is-layout-flow\" style=\"flex-basis:50%\">\n<figure class=\"wp-block-image aligncenter size-full\"><img loading=\"lazy\" decoding=\"async\" width=\"454\" height=\"454\" src=\"https:\/\/mailplus.vn\/wp-content\/uploads\/2024\/08\/xThiet-ke-chua-co-ten-8.png.pagespeed.ic_.KQH0lGKwom.webp\" alt=\"\" class=\"wp-image-198\" srcset=\"https:\/\/mailplus.vn\/wp-content\/uploads\/2024\/08\/xThiet-ke-chua-co-ten-8.png.pagespeed.ic_.KQH0lGKwom.webp 454w, https:\/\/mailplus.vn\/wp-content\/uploads\/2024\/08\/xThiet-ke-chua-co-ten-8.png.pagespeed.ic_.KQH0lGKwom-300x300.webp 300w, https:\/\/mailplus.vn\/wp-content\/uploads\/2024\/08\/xThiet-ke-chua-co-ten-8.png.pagespeed.ic_.KQH0lGKwom-150x150.webp 150w, https:\/\/mailplus.vn\/wp-content\/uploads\/2024\/08\/xThiet-ke-chua-co-ten-8.png.pagespeed.ic_.KQH0lGKwom-200x200.webp 200w\" sizes=\"auto, (max-width: 454px) 100vw, 454px\" \/><\/figure>\n<\/div>\n<\/div>\n\n\n\n<div style=\"height:50px\" aria-hidden=\"true\" class=\"wp-block-spacer\"><\/div>\n<\/div>\n\n\n\n<div class=\"wp-block-group alignfull has-background has-global-padding is-layout-constrained wp-block-group-is-layout-constrained\" style=\"background-color:#f1f5f9\">\n<div style=\"height:50px\" aria-hidden=\"true\" class=\"wp-block-spacer\"><\/div>\n\n\n\n<h2 class=\"wp-block-heading has-text-align-center has-main-color has-text-color\" style=\"margin-bottom:var(--wp--preset--spacing--large)\">Ch\u00fang t\u00f4i c\u00f3 <mark style=\"background-color:rgba(0, 0, 0, 0)\" class=\"has-inline-color has-primary-color\">\u0111\u1ed9i ng\u0169 chuy\u00ean gia<\/mark> s\u1eb5n s\u00e0ng h\u1ed7 tr\u1ee3 b\u1ea1n<\/h2>\n\n\n\n<div class=\"wp-block-columns alignwide is-layout-flex wp-container-core-columns-is-layout-f619a8c7 wp-block-columns-is-layout-flex\">\n<div class=\"wp-block-column has-global-padding is-layout-constrained wp-container-core-column-is-layout-e4f4ae95 wp-block-column-is-layout-constrained\">\n<div class=\"wp-block-group has-base-background-color has-background has-global-padding is-layout-constrained wp-container-core-group-is-layout-8217c53c wp-block-group-is-layout-constrained\" style=\"border-radius:12px;padding-top:var(--wp--preset--spacing--medium);padding-right:var(--wp--preset--spacing--medium);padding-bottom:var(--wp--preset--spacing--medium);padding-left:var(--wp--preset--spacing--medium)\">\n<div class=\"wp-block-group is-content-justification-center is-nowrap is-layout-flex wp-container-core-group-is-layout-23441af8 wp-block-group-is-layout-flex\">\n<figure class=\"wp-block-image aligncenter size-full is-resized\"><img loading=\"lazy\" decoding=\"async\" width=\"135\" height=\"135\" src=\"https:\/\/mailplus.vn\/wp-content\/uploads\/2024\/08\/mail.png\" alt=\"\" class=\"wp-image-199\" style=\"aspect-ratio:1;object-fit:cover;width:60px\"\/><\/figure>\n<\/div>\n\n\n\n<h3 class=\"wp-block-heading has-text-align-center\" style=\"font-style:normal;font-weight:600\">\u0110\u1ecba ch\u1ec9 Email<\/h3>\n\n\n\n<p class=\"has-text-align-center has-secondary-color has-text-color has-link-color wp-elements-c398c82490e4d2e9e8d380bdf7f5ab1b\" style=\"font-size:16px\">baogia@hoangvi.com<\/p>\n<\/div>\n<\/div>\n\n\n\n<div class=\"wp-block-column has-global-padding is-layout-constrained wp-container-core-column-is-layout-e4f4ae95 wp-block-column-is-layout-constrained\">\n<div class=\"wp-block-group has-base-background-color has-background has-global-padding is-layout-constrained wp-container-core-group-is-layout-8217c53c wp-block-group-is-layout-constrained\" style=\"border-radius:12px;padding-top:var(--wp--preset--spacing--medium);padding-right:var(--wp--preset--spacing--medium);padding-bottom:var(--wp--preset--spacing--medium);padding-left:var(--wp--preset--spacing--medium)\">\n<div class=\"wp-block-group is-content-justification-center is-nowrap is-layout-flex wp-container-core-group-is-layout-23441af8 wp-block-group-is-layout-flex\">\n<figure class=\"wp-block-image aligncenter size-full is-resized\"><img loading=\"lazy\" decoding=\"async\" width=\"135\" height=\"135\" src=\"https:\/\/mailplus.vn\/wp-content\/uploads\/2024\/08\/phone.png\" alt=\"\" class=\"wp-image-200\" style=\"aspect-ratio:1;object-fit:cover;width:60px\"\/><\/figure>\n<\/div>\n\n\n\n<h3 class=\"wp-block-heading has-text-align-center\" style=\"font-style:normal;font-weight:600\">Hotline<\/h3>\n\n\n\n<p class=\"has-text-align-center has-secondary-color has-text-color has-link-color wp-elements-c1ab9425607b4ce51d281d238abc9462\" style=\"font-size:16px\">(028) 7106 1199<\/p>\n<\/div>\n<\/div>\n\n\n\n<div class=\"wp-block-column has-global-padding is-layout-constrained wp-container-core-column-is-layout-e4f4ae95 wp-block-column-is-layout-constrained\">\n<div class=\"wp-block-group has-base-background-color has-background has-global-padding is-layout-constrained wp-container-core-group-is-layout-8217c53c wp-block-group-is-layout-constrained\" style=\"border-radius:12px;padding-top:var(--wp--preset--spacing--medium);padding-right:var(--wp--preset--spacing--medium);padding-bottom:var(--wp--preset--spacing--medium);padding-left:var(--wp--preset--spacing--medium)\">\n<div class=\"wp-block-group is-content-justification-center is-nowrap is-layout-flex wp-container-core-group-is-layout-23441af8 wp-block-group-is-layout-flex\">\n<figure class=\"wp-block-image aligncenter size-full is-resized\"><img loading=\"lazy\" decoding=\"async\" width=\"135\" height=\"135\" src=\"https:\/\/mailplus.vn\/wp-content\/uploads\/2024\/08\/location.png\" alt=\"\" class=\"wp-image-201\" style=\"aspect-ratio:1;object-fit:cover;width:60px\"\/><\/figure>\n<\/div>\n\n\n\n<h3 class=\"wp-block-heading has-text-align-center\" style=\"font-style:normal;font-weight:600\">\u0110\u1ecba ch\u1ec9<\/h3>\n\n\n\n<p class=\"has-text-align-center has-secondary-color has-text-color has-link-color wp-elements-2b44210f7e37228305730e698946ef9b\" style=\"font-size:16px\">31 L\u00ea V\u0103n Hu\u00e2n, P.13, Q.T\u00e2n B\u00ecnh, Tp.HCM<\/p>\n<\/div>\n<\/div>\n<\/div>\n\n\n\n<div style=\"height:50px\" aria-hidden=\"true\" class=\"wp-block-spacer\"><\/div>\n<\/div>\n\n\n\n<div class=\"wp-block-columns is-layout-flex wp-container-core-columns-is-layout-28f84493 wp-block-columns-is-layout-flex\">\n<div class=\"wp-block-column is-layout-flow wp-block-column-is-layout-flow\" style=\"flex-basis:100%\">\n<div class=\"wp-block-group alignfull has-light-gray-background-color has-background is-layout-flow wp-block-group-is-layout-flow\">\n<div class=\"wp-block-group alignwide has-light-gray-background-color has-background has-global-padding is-layout-constrained wp-container-core-group-is-layout-e8d67df7 wp-block-group-is-layout-constrained wp-container-1 is-position-sticky\" style=\"border-radius:0px;padding-right:var(--wp--preset--spacing--large);padding-left:var(--wp--preset--spacing--large)\">\n<div style=\"height:50px\" aria-hidden=\"true\" class=\"wp-block-spacer\"><\/div>\n\n\n\n<h2 class=\"wp-block-heading has-text-align-center\"><mark style=\"background-color:rgba(0, 0, 0, 0)\" class=\"has-inline-color has-primary-color\">Li\u00ean h\u1ec7 ngay<\/mark> \u0111\u1ec3 b\u1eaft \u0111\u1ea7u!<\/h2>\n\n\n\n<h4 class=\"wp-block-heading has-text-align-center has-secondary-color has-text-color has-link-color wp-elements-5cc0e2921f2e8a9213fcbcd094e41ce8\">Ch\u00fang t\u00f4i r\u1ea5t mong ch\u1edd th\u00f4ng tin t\u1eeb b\u1ea1n!<\/h4>\n\n\n<div class=\"wpforms-container wpforms-container-full wpforms-render-modern\" id=\"wpforms-60\"><form id=\"wpforms-form-60\" class=\"wpforms-validate wpforms-form wpforms-ajax-form\" data-formid=\"60\" method=\"post\" enctype=\"multipart\/form-data\" action=\"\/index.php?rest_route=%2Fwp%2Fv2%2Fpages%2F29\" data-token=\"bc73ac4c9b722c3fe79005a2b0cdad4f\" data-token-time=\"1776730477\"><noscript class=\"wpforms-error-noscript\">Please enable JavaScript in your browser to complete this form.<\/noscript><div class=\"wpforms-hidden\" id=\"wpforms-error-noscript\">Please enable JavaScript in your browser to complete this form.<\/div><div class=\"wpforms-field-container\"><div id=\"wpforms-60-field_15-container\" class=\"wpforms-field wpforms-field-text\" data-field-id=\"15\"><label class=\"wpforms-field-label\" for=\"wpforms-60-field_15\">H\u1ecd v\u00e0 t\u00ean<\/label><input type=\"text\" id=\"wpforms-60-field_15\" class=\"wpforms-field-medium\" name=\"wpforms[fields][15]\" aria-errormessage=\"wpforms-60-field_15-error\" ><\/div><div id=\"wpforms-60-field_9-container\" class=\"wpforms-field wpforms-field-email\" data-field-id=\"9\"><label class=\"wpforms-field-label\" for=\"wpforms-60-field_9\">\u0110\u1ecba ch\u1ec9 Email <span class=\"wpforms-required-label\" aria-hidden=\"true\">*<\/span><\/label><input type=\"email\" id=\"wpforms-60-field_9\" class=\"wpforms-field-medium wpforms-field-required\" name=\"wpforms[fields][9]\" spellcheck=\"false\" aria-errormessage=\"wpforms-60-field_9-error\" required><\/div><div id=\"wpforms-60-field_12-container\" class=\"wpforms-field wpforms-field-text\" data-field-id=\"12\"><label class=\"wpforms-field-label\" for=\"wpforms-60-field_12\">Ti\u00eau \u0111\u1ec1<\/label><input type=\"text\" id=\"wpforms-60-field_12\" class=\"wpforms-field-medium\" name=\"wpforms[fields][12]\" aria-errormessage=\"wpforms-60-field_12-error\" ><\/div><div id=\"wpforms-60-field_13-container\" class=\"wpforms-field wpforms-field-textarea\" data-field-id=\"13\"><label class=\"wpforms-field-label\" for=\"wpforms-60-field_13\">N\u1ed9i dung<\/label><textarea id=\"wpforms-60-field_13\" class=\"wpforms-field-medium\" name=\"wpforms[fields][13]\" aria-errormessage=\"wpforms-60-field_13-error\" ><\/textarea><\/div><\/div><!-- .wpforms-field-container --><div class=\"wpforms-submit-container\" ><input type=\"hidden\" name=\"wpforms[id]\" value=\"60\"><input type=\"hidden\" name=\"page_title\" value=\"\"><input type=\"hidden\" name=\"page_url\" value=\"https:\/\/mailplus.vn\/index.php?rest_route=%2Fwp%2Fv2%2Fpages%2F29\"><button type=\"submit\" name=\"wpforms[submit]\" id=\"wpforms-submit-60\" class=\"wpforms-submit\" data-alt-text=\"Sending...\" data-submit-text=\"Submit\" aria-live=\"assertive\" value=\"wpforms-submit\">Submit<\/button><img loading=\"lazy\" decoding=\"async\" src=\"https:\/\/mailplus.vn\/wp-content\/plugins\/wpforms-lite\/assets\/images\/submit-spin.svg\" class=\"wpforms-submit-spinner\" style=\"display: none;\" width=\"26\" height=\"26\" alt=\"Loading\"><\/div><\/form><\/div>  <!-- .wpforms-container -->\n<\/div>\n\n\n\n<div class=\"wp-block-columns is-layout-flex wp-container-core-columns-is-layout-28f84493 wp-block-columns-is-layout-flex\">\n<div class=\"wp-block-column is-layout-flow wp-block-column-is-layout-flow\"><\/div>\n<\/div>\n<\/div>\n<\/div>\n<\/div>\n\n\n\n<div class=\"wp-block-group is-layout-flow wp-block-group-is-layout-flow\">\n<div class=\"wp-block-columns is-layout-flex wp-container-core-columns-is-layout-28f84493 wp-block-columns-is-layout-flex\">\n<div class=\"wp-block-column is-layout-flow wp-block-column-is-layout-flow\" style=\"flex-basis:100%\"><\/div>\n<\/div>\n<\/div>\n\n\n\n<div class=\"wp-block-columns alignwide is-layout-flex wp-container-core-columns-is-layout-28f84493 wp-block-columns-is-layout-flex\">\n<div class=\"wp-block-column is-layout-flow wp-block-column-is-layout-flow\" style=\"flex-basis:100%\"><p><iframe src=\"https:\/\/www.google.com\/maps\/embed?pb=!1m14!1m8!1m3!1d15676.40222538854!2d106.6407826!3d10.80361!3m2!1i1024!2i768!4f13.1!3m3!1m2!1s0x3175294527e1612b%3A0xc9ee9b5b152b2805!2sC%C3%B4ng%20ty%20Cloud%20IT%20Services!5e0!3m2!1svi!2s!4v1723436533144!5m2!1svi!2s\" width=\"100%\" height=\"250\" style=\"border:0;\" allowfullscreen=\"\" loading=\"lazy\" referrerpolicy=\"no-referrer-when-downgrade\"><\/iframe><\/p>\n<\/div>\n<\/div>\n","protected":false},"excerpt":{"rendered":"<p>K\u1ebft n\u1ed1i v\u1edbi Chuy\u00ean gia Email t\u1ea1i CloudIT N\u00e2ng cao hi\u1ec7u su\u1ea5t l\u00e0m vi\u1ec7c, b\u1ea3o v\u1ec7 d\u1eef li\u1ec7u quan tr\u1ecdng v\u00e0 x\u00e2y d\u1ef1ng th\u01b0\u01a1ng hi\u1ec7u chuy\u00ean nghi\u1ec7p v\u1edbi d\u1ecbch v\u1ee5 Email Doanh nghi\u1ec7p t\u1ea1i CloudIT. Ch\u00fang t\u00f4i c\u00f3 \u0111\u1ed9i ng\u0169 chuy\u00ean gia s\u1eb5n s\u00e0ng h\u1ed7 tr\u1ee3 b\u1ea1n \u0110\u1ecba ch\u1ec9 Email baogia@hoangvi.com Hotline (028) 7106 1199 [&hellip;]<\/p>\n","protected":false},"author":1,"featured_media":90,"parent":0,"menu_order":0,"comment_status":"closed","ping_status":"closed","template":"","meta":{"footnotes":""},"class_list":["post-29","page","type-page","status-publish","has-post-thumbnail","hentry"],"_links":{"self":[{"href":"https:\/\/mailplus.vn\/index.php?rest_route=\/wp\/v2\/pages\/29","targetHints":{"allow":["GET"]}}],"collection":[{"href":"https:\/\/mailplus.vn\/index.php?rest_route=\/wp\/v2\/pages"}],"about":[{"href":"https:\/\/mailplus.vn\/index.php?rest_route=\/wp\/v2\/types\/page"}],"author":[{"embeddable":true,"href":"https:\/\/mailplus.vn\/index.php?rest_route=\/wp\/v2\/users\/1"}],"replies":[{"embeddable":true,"href":"https:\/\/mailplus.vn\/index.php?rest_route=%2Fwp%2Fv2%2Fcomments&post=29"}],"version-history":[{"count":47,"href":"https:\/\/mailplus.vn\/index.php?rest_route=\/wp\/v2\/pages\/29\/revisions"}],"predecessor-version":[{"id":205,"href":"https:\/\/mailplus.vn\/index.php?rest_route=\/wp\/v2\/pages\/29\/revisions\/205"}],"wp:featuredmedia":[{"embeddable":true,"href":"https:\/\/mailplus.vn\/index.php?rest_route=\/wp\/v2\/media\/90"}],"wp:attachment":[{"href":"https:\/\/mailplus.vn\/index.php?rest_route=%2Fwp%2Fv2%2Fmedia&parent=29"}],"curies":[{"name":"wp","href":"https:\/\/api.w.org\/{rel}","templated":true}]}}